{"id":263,"date":"2014-05-30T11:22:13","date_gmt":"2014-05-30T11:22:13","guid":{"rendered":"http:\/\/mage-extensions-themes.com\/wiki\/?page_id=263"},"modified":"2017-05-11T10:32:03","modified_gmt":"2017-05-11T10:32:03","slug":"custom-shipping-rate-installation","status":"publish","type":"page","link":"https:\/\/global-ecommerce-services.com\/wiki\/custom-shipping-rate-installation\/","title":{"rendered":"Custom Shipping Rate Installation"},"content":{"rendered":"<div id=\"toc_container\" class=\"no_bullets\"><p class=\"toc_title\">Table of Contents<\/p><ul class=\"toc_list\"><li><a href=\"#Overview\"><span class=\"toc_number toc_depth_1\">1<\/span> Overview:<\/a><\/li><li><a href=\"#How_to_Install_Custom_Shipping_Rate_Extension\"><span class=\"toc_number toc_depth_1\">2<\/span> How to Install Custom Shipping Rate Extension <\/a><\/li><li><a href=\"#Steps_to_Uninstall_the_Custom_Shipping_Rate_Extension\"><span class=\"toc_number toc_depth_1\">3<\/span> Steps to Uninstall the Custom Shipping Rate Extension<\/a><\/li><li><a href=\"#Questions\"><span class=\"toc_number toc_depth_1\">4<\/span> Questions<\/a><\/li><\/ul><\/div>\n<h2><span id=\"Overview\">Overview:<\/span><\/h2>\n<p>Custom Shipping Rate extension provides an easy way to calculate and display the shipping price based on the products in the cart page.<br \/>\n<a href=\"\/wiki\/wp-content\/uploads\/2014\/05\/Custom-Shipping-Rate.png\"><img decoding=\"async\" loading=\"lazy\" class=\"extlogo alignright wp-image-264\" src=\"\/wiki\/wp-content\/uploads\/2014\/05\/Custom-Shipping-Rate.png\" alt=\"Custom Shipping Rate\" width=\"174\" height=\"179\" \/><\/a><\/p>\n<h2><span id=\"How_to_Install_Custom_Shipping_Rate_Extension\"><span id=\"Installation_Steps_for_Custom_Shipping_Rate_Extension\" class=\"mw-headline\">How to Install Custom Shipping Rate Extension <\/span><\/span><\/h2>\n<p>1.Take a backup of the Magento files before replacing<\/p>\n<p>2. Extract the files inside Magento Installation Root<\/p>\n<p><em>Magento_App_Root<\/em> folder is same as your Magento Installation directory<\/p>\n<p>3. Folder structure for default theme<\/p>\n<p>\\Magento_App_Root\\app\\design\\frontend\\default\\&lt;default&gt;\\template<\/p>\n<p>Where &lt;default&gt; folder is based on default theme. Please copy the template folder into your specific theme folder\u00a0<strong>\u00a0<\/strong><\/p>\n<p><strong>Refresh Magento cache.<\/strong><\/p>\n<p>Admin Panel \u2013 &gt;System-&gt; Cache Management \u2013&gt; Select all Check boxes\u2013 &gt;Flush Magento Cache<\/p>\n<p><a href=\"\/wiki\/wp-content\/uploads\/2014\/05\/Custom-shipping-Rate-Screen0.png\"><img decoding=\"async\" loading=\"lazy\" class=\"alignleft size-full wp-image-479\" src=\"\/wiki\/wp-content\/uploads\/2014\/05\/Custom-shipping-Rate-Screen0.png\" alt=\"Custom shipping Rate Screen0\" width=\"1010\" height=\"481\" srcset=\"https:\/\/global-ecommerce-services.com\/wiki\/wp-content\/uploads\/2014\/05\/Custom-shipping-Rate-Screen0.png 1010w, https:\/\/global-ecommerce-services.com\/wiki\/wp-content\/uploads\/2014\/05\/Custom-shipping-Rate-Screen0-300x142.png 300w, https:\/\/global-ecommerce-services.com\/wiki\/wp-content\/uploads\/2014\/05\/Custom-shipping-Rate-Screen0-150x71.png 150w\" sizes=\"(max-width: 1010px) 100vw, 1010px\" \/><\/a><\/p>\n<p>&nbsp;<\/p>\n<p><strong>Steps to be followed in admin panel\u00a0<\/strong><\/p>\n<p><strong>Enabled Custom Shipping Rate in admin panel<\/strong><strong>\u00a0<\/strong><\/p>\n<p>System \u00e0 Configuration\u00e0Sales\u00e0Shipping Methods<\/p>\n<p>1<strong>. Enabled<\/strong>-You can disable or enable the Custom Shipping Rate extension by giving yes or no.<\/p>\n<p><a href=\"\/wiki\/wp-content\/uploads\/2014\/05\/Custom-shipping-Rate-Screen1.png\"><img decoding=\"async\" loading=\"lazy\" class=\"alignleft size-full wp-image-480\" src=\"\/wiki\/wp-content\/uploads\/2014\/05\/Custom-shipping-Rate-Screen1.png\" alt=\"Custom shipping Rate Screen1\" width=\"1005\" height=\"594\" srcset=\"https:\/\/global-ecommerce-services.com\/wiki\/wp-content\/uploads\/2014\/05\/Custom-shipping-Rate-Screen1.png 1005w, https:\/\/global-ecommerce-services.com\/wiki\/wp-content\/uploads\/2014\/05\/Custom-shipping-Rate-Screen1-300x177.png 300w, https:\/\/global-ecommerce-services.com\/wiki\/wp-content\/uploads\/2014\/05\/Custom-shipping-Rate-Screen1-150x88.png 150w\" sizes=\"(max-width: 1005px) 100vw, 1005px\" \/><\/a><\/p>\n<p>&nbsp;<\/p>\n<p>2<strong>. Title-<\/strong> This is the title will be display in front end<\/p>\n<p>3. Save Config<\/p>\n<p>4. Change \u2018Current Configuration Scope\u2019 to be the Main Website (or your website view)<\/p>\n<p><a href=\"\/wiki\/wp-content\/uploads\/2014\/05\/Custom-shipping-Rate-Screen2.png\"><br \/>\n<img decoding=\"async\" loading=\"lazy\" class=\"alignleft size-full wp-image-481\" src=\"\/wiki\/wp-content\/uploads\/2014\/05\/Custom-shipping-Rate-Screen2.png\" alt=\"Custom shipping Rate Screen2\" width=\"1007\" height=\"595\" srcset=\"https:\/\/global-ecommerce-services.com\/wiki\/wp-content\/uploads\/2014\/05\/Custom-shipping-Rate-Screen2.png 1007w, https:\/\/global-ecommerce-services.com\/wiki\/wp-content\/uploads\/2014\/05\/Custom-shipping-Rate-Screen2-300x177.png 300w, https:\/\/global-ecommerce-services.com\/wiki\/wp-content\/uploads\/2014\/05\/Custom-shipping-Rate-Screen2-150x88.png 150w\" sizes=\"(max-width: 1007px) 100vw, 1007px\" \/><\/a><\/p>\n<p>&nbsp;<\/p>\n<p>5<strong>. Condition-<\/strong> choose values as appropriate , There are three types of conditions available<\/p>\n<ul>\n<li>Weight \u00a0vs Destination,<\/li>\n<li>price \u00a0vs Destination,<\/li>\n<li>#items \u00a0vs Destination<\/li>\n<\/ul>\n<p><a href=\"\/wiki\/wp-content\/uploads\/2014\/05\/Custom-shipping-Rate-Screen31.png\"><br \/>\n<img decoding=\"async\" loading=\"lazy\" class=\"alignleft size-full wp-image-483\" src=\"\/wiki\/wp-content\/uploads\/2014\/05\/Custom-shipping-Rate-Screen31.png\" alt=\"Custom shipping Rate Screen3\" width=\"1009\" height=\"541\" srcset=\"https:\/\/global-ecommerce-services.com\/wiki\/wp-content\/uploads\/2014\/05\/Custom-shipping-Rate-Screen31.png 1009w, https:\/\/global-ecommerce-services.com\/wiki\/wp-content\/uploads\/2014\/05\/Custom-shipping-Rate-Screen31-300x160.png 300w, https:\/\/global-ecommerce-services.com\/wiki\/wp-content\/uploads\/2014\/05\/Custom-shipping-Rate-Screen31-150x80.png 150w\" sizes=\"(max-width: 1009px) 100vw, 1009px\" \/><\/a><\/p>\n<p>&nbsp;<\/p>\n<p>6.You should now see an import button box appear with a browse box in Custom Shipping Rates. Browse to a CSV file. You should choose CSV file for appropriate conditions and save config.Details of CSV file configuration can be found below<\/p>\n<p><a href=\"\/wiki\/wp-content\/uploads\/2014\/05\/Custom-shipping-Rate-Screen4.png\"><img decoding=\"async\" loading=\"lazy\" class=\"alignleft size-full wp-image-484\" src=\"\/wiki\/wp-content\/uploads\/2014\/05\/Custom-shipping-Rate-Screen4.png\" alt=\"Custom shipping Rate Screen4\" width=\"1003\" height=\"637\" srcset=\"https:\/\/global-ecommerce-services.com\/wiki\/wp-content\/uploads\/2014\/05\/Custom-shipping-Rate-Screen4.png 1003w, https:\/\/global-ecommerce-services.com\/wiki\/wp-content\/uploads\/2014\/05\/Custom-shipping-Rate-Screen4-300x190.png 300w, https:\/\/global-ecommerce-services.com\/wiki\/wp-content\/uploads\/2014\/05\/Custom-shipping-Rate-Screen4-150x95.png 150w\" sizes=\"(max-width: 1003px) 100vw, 1003px\" \/><\/a><\/p>\n<p>&nbsp;<\/p>\n<p>Price vs destination:<\/p>\n<p><a href=\"\/wiki\/wp-content\/uploads\/2014\/05\/Custom-shipping-Rate-Screen52.png\"><img decoding=\"async\" loading=\"lazy\" class=\"alignleft size-full wp-image-487\" src=\"\/wiki\/wp-content\/uploads\/2014\/05\/Custom-shipping-Rate-Screen52.png\" alt=\"Custom shipping Rate Screen5\" width=\"644\" height=\"105\" srcset=\"https:\/\/global-ecommerce-services.com\/wiki\/wp-content\/uploads\/2014\/05\/Custom-shipping-Rate-Screen52.png 644w, https:\/\/global-ecommerce-services.com\/wiki\/wp-content\/uploads\/2014\/05\/Custom-shipping-Rate-Screen52-300x48.png 300w, https:\/\/global-ecommerce-services.com\/wiki\/wp-content\/uploads\/2014\/05\/Custom-shipping-Rate-Screen52-150x24.png 150w\" sizes=\"(max-width: 644px) 100vw, 644px\" \/><\/a><\/p>\n<p>&nbsp;<\/p>\n<p>Weight vs destination:<\/p>\n<p><a href=\"\/wiki\/wp-content\/uploads\/2014\/05\/Custom-shipping-Rate-Screen6.png\"><img decoding=\"async\" loading=\"lazy\" class=\"alignleft size-full wp-image-488\" src=\"\/wiki\/wp-content\/uploads\/2014\/05\/Custom-shipping-Rate-Screen6.png\" alt=\"Custom shipping Rate Screen6\" width=\"807\" height=\"124\" srcset=\"https:\/\/global-ecommerce-services.com\/wiki\/wp-content\/uploads\/2014\/05\/Custom-shipping-Rate-Screen6.png 807w, https:\/\/global-ecommerce-services.com\/wiki\/wp-content\/uploads\/2014\/05\/Custom-shipping-Rate-Screen6-300x46.png 300w, https:\/\/global-ecommerce-services.com\/wiki\/wp-content\/uploads\/2014\/05\/Custom-shipping-Rate-Screen6-150x23.png 150w\" sizes=\"(max-width: 807px) 100vw, 807px\" \/><\/a><\/p>\n<p>&nbsp;<\/p>\n<p>#items vs destination:<\/p>\n<p><a href=\"\/wiki\/wp-content\/uploads\/2014\/05\/Custom-shipping-Rate-Screen7.png\"><img decoding=\"async\" loading=\"lazy\" class=\"alignleft size-full wp-image-489\" src=\"\/wiki\/wp-content\/uploads\/2014\/05\/Custom-shipping-Rate-Screen7.png\" alt=\"Custom shipping Rate Screen7\" width=\"805\" height=\"146\" srcset=\"https:\/\/global-ecommerce-services.com\/wiki\/wp-content\/uploads\/2014\/05\/Custom-shipping-Rate-Screen7.png 805w, https:\/\/global-ecommerce-services.com\/wiki\/wp-content\/uploads\/2014\/05\/Custom-shipping-Rate-Screen7-300x54.png 300w, https:\/\/global-ecommerce-services.com\/wiki\/wp-content\/uploads\/2014\/05\/Custom-shipping-Rate-Screen7-150x27.png 150w\" sizes=\"(max-width: 805px) 100vw, 805px\" \/><\/a><\/p>\n<p>&nbsp;<\/p>\n<p>7.Save the config to upload the CSV file.<\/p>\n<p>8. Ensure your products are setup correctly according to rules in CSV file.<\/p>\n<p>9. In front end You should enter country, state\/province, Zip\/postal code. After that <strong>Custom Shipping Rate<\/strong> will be appear based on the condition range and zip code range in CSV file.<\/p>\n<p><a href=\"\/wiki\/wp-content\/uploads\/2014\/05\/Custom-shipping-Rate-Screen81.png\"><br \/>\n<img decoding=\"async\" loading=\"lazy\" class=\"alignleft size-full wp-image-491\" src=\"\/wiki\/wp-content\/uploads\/2014\/05\/Custom-shipping-Rate-Screen81.png\" alt=\"Custom shipping Rate Screen8\" width=\"1009\" height=\"1150\" srcset=\"https:\/\/global-ecommerce-services.com\/wiki\/wp-content\/uploads\/2014\/05\/Custom-shipping-Rate-Screen81.png 1009w, https:\/\/global-ecommerce-services.com\/wiki\/wp-content\/uploads\/2014\/05\/Custom-shipping-Rate-Screen81-263x300.png 263w, https:\/\/global-ecommerce-services.com\/wiki\/wp-content\/uploads\/2014\/05\/Custom-shipping-Rate-Screen81-898x1024.png 898w, https:\/\/global-ecommerce-services.com\/wiki\/wp-content\/uploads\/2014\/05\/Custom-shipping-Rate-Screen81-131x150.png 131w, https:\/\/global-ecommerce-services.com\/wiki\/wp-content\/uploads\/2014\/05\/Custom-shipping-Rate-Screen81-300x341.png 300w\" sizes=\"(max-width: 1009px) 100vw, 1009px\" \/><\/a><\/p>\n<p>&nbsp;<\/p>\n<p><strong>How to enable \u00a0Free shipping method?<\/strong><\/p>\n<p>System \u00e0 Configuration\u00e0Sales\u00e0Shipping Methods<strong>\u00a0<\/strong><\/p>\n<p>1. <strong>Free shipping display text<\/strong>: This is the text will be display in front end<\/p>\n<p>2. <strong>Minimum order amount for free shipping<\/strong>: Free shipping method will be display in front end based on giving price.<\/p>\n<p><a href=\"\/wiki\/wp-content\/uploads\/2014\/05\/Custom-shipping-Rate-Screen-12.png\"><img decoding=\"async\" loading=\"lazy\" class=\"alignleft size-full wp-image-500\" src=\"\/wiki\/wp-content\/uploads\/2014\/05\/Custom-shipping-Rate-Screen-12.png\" alt=\"Custom shipping Rate Screen 12\" width=\"1002\" height=\"601\" srcset=\"https:\/\/global-ecommerce-services.com\/wiki\/wp-content\/uploads\/2014\/05\/Custom-shipping-Rate-Screen-12.png 1002w, https:\/\/global-ecommerce-services.com\/wiki\/wp-content\/uploads\/2014\/05\/Custom-shipping-Rate-Screen-12-300x179.png 300w, https:\/\/global-ecommerce-services.com\/wiki\/wp-content\/uploads\/2014\/05\/Custom-shipping-Rate-Screen-12-150x89.png 150w\" sizes=\"(max-width: 1002px) 100vw, 1002px\" \/><\/a><\/p>\n<p>&nbsp;<\/p>\n<p>In front end free shipping method will be display based on the minimum order amount for free shipping<\/p>\n<p><img decoding=\"async\" loading=\"lazy\" class=\"alignleft size-full wp-image-492\" src=\"\/wiki\/wp-content\/uploads\/2014\/05\/Custom-shipping-Rate-Screen9.png\" alt=\"Custom shipping Rate Screen9\" width=\"1007\" height=\"672\" srcset=\"https:\/\/global-ecommerce-services.com\/wiki\/wp-content\/uploads\/2014\/05\/Custom-shipping-Rate-Screen9.png 1007w, https:\/\/global-ecommerce-services.com\/wiki\/wp-content\/uploads\/2014\/05\/Custom-shipping-Rate-Screen9-300x200.png 300w, https:\/\/global-ecommerce-services.com\/wiki\/wp-content\/uploads\/2014\/05\/Custom-shipping-Rate-Screen9-150x100.png 150w\" sizes=\"(max-width: 1007px) 100vw, 1007px\" \/><\/p>\n<p>&nbsp;<\/p>\n<p><strong>How to enabled only Free shipping method?\u00a0<\/strong><\/p>\n<p>1. <strong>Free shipping display text<\/strong>: This is the text will be display in front end<\/p>\n<p>2. <strong>Minimum order amount for free shipping<\/strong>: Free shipping method will be display in front end appropriate giving price.<\/p>\n<p>3. <strong>Only Display free shipping<\/strong>: You can disable or enable the Free shipping only by giving yes or no<\/p>\n<p><a href=\"\/wiki\/wp-content\/uploads\/2014\/05\/Custom-shipping-Rate-Screen101.png\"><img decoding=\"async\" loading=\"lazy\" class=\"alignleft size-full wp-image-494\" src=\"\/wiki\/wp-content\/uploads\/2014\/05\/Custom-shipping-Rate-Screen101.png\" alt=\"Custom shipping Rate Screen10\" width=\"977\" height=\"568\" srcset=\"https:\/\/global-ecommerce-services.com\/wiki\/wp-content\/uploads\/2014\/05\/Custom-shipping-Rate-Screen101.png 977w, https:\/\/global-ecommerce-services.com\/wiki\/wp-content\/uploads\/2014\/05\/Custom-shipping-Rate-Screen101-300x174.png 300w, https:\/\/global-ecommerce-services.com\/wiki\/wp-content\/uploads\/2014\/05\/Custom-shipping-Rate-Screen101-150x87.png 150w\" sizes=\"(max-width: 977px) 100vw, 977px\" \/><\/a><\/p>\n<p>&nbsp;<\/p>\n<p>Now You can see only free shipping method in front end.<\/p>\n<p><a href=\"\/wiki\/wp-content\/uploads\/2014\/05\/Custom-shipping-Rate-Screen11.png\"><img decoding=\"async\" loading=\"lazy\" class=\"alignleft size-full wp-image-495\" src=\"\/wiki\/wp-content\/uploads\/2014\/05\/Custom-shipping-Rate-Screen11.png\" alt=\"Custom shipping Rate Screen11\" width=\"1004\" height=\"592\" srcset=\"https:\/\/global-ecommerce-services.com\/wiki\/wp-content\/uploads\/2014\/05\/Custom-shipping-Rate-Screen11.png 1004w, https:\/\/global-ecommerce-services.com\/wiki\/wp-content\/uploads\/2014\/05\/Custom-shipping-Rate-Screen11-300x176.png 300w, https:\/\/global-ecommerce-services.com\/wiki\/wp-content\/uploads\/2014\/05\/Custom-shipping-Rate-Screen11-150x88.png 150w\" sizes=\"(max-width: 1004px) 100vw, 1004px\" \/><\/a><\/p>\n<p>&nbsp;<\/p>\n<h2><span id=\"Steps_to_Uninstall_the_Custom_Shipping_Rate_Extension\">Steps to Uninstall the Custom Shipping Rate Extension<\/span><\/h2>\n<p>Please follow the instructions below to uninstall Custom Shipping Rate Professional extension and remove from your website.<br \/>\n<strong>Step 1: <\/strong>Go to the location <strong>app\/etc\/modules\/Globalecom_Customshippingratepro.xml<\/strong><br \/>\nFind the line of code <strong>true<\/strong><br \/>\nand change it to<br \/>\n<strong>false<\/strong><br \/>\nRefresh the Cache in admin panel<strong>-&gt;System-&gt;Cache <\/strong>Management<br \/>\n<strong>step 2:<\/strong>Remove or rename the folder customshippingrate in following location <strong>app\/code\/local\/Globalecom\/customshippingrate<\/strong><\/p>\n<h2><span id=\"Questions\">Questions<\/span><\/h2>\n<p>If you have any questions or issues, please contact technical support team via\u00a0<a href=\"http:\/\/mage-extensions-themes.com\/support\/\" target=\"_blank\">http:\/\/mage-extensions-themes.com\/support\/<\/a><\/p>\n<p>&nbsp;<\/p>\n","protected":false},"excerpt":{"rendered":"<p>Table of Contents1 Overview:2 How to Install Custom Shipping Rate Extension 3 Steps to Uninstall the Custom Shipping Rate Extension4 Questions Overview: Custom Shipping Rate extension provides an easy way to calculate and display the shipping price based on the products in the cart page. How to Install Custom Shipping Rate Extension 1.Take a backup ..<\/p>\n<div class=\"clear-fix\"><\/div>\n<p><a href=\"https:\/\/global-ecommerce-services.com\/wiki\/custom-shipping-rate-installation\/\" title=\"read more...\">Read more<\/a><\/p>\n","protected":false},"author":2,"featured_media":0,"parent":0,"menu_order":0,"comment_status":"closed","ping_status":"open","template":"","meta":[],"categories":[5],"tags":[],"_links":{"self":[{"href":"https:\/\/global-ecommerce-services.com\/wiki\/wp-json\/wp\/v2\/pages\/263"}],"collection":[{"href":"https:\/\/global-ecommerce-services.com\/wiki\/wp-json\/wp\/v2\/pages"}],"about":[{"href":"https:\/\/global-ecommerce-services.com\/wiki\/wp-json\/wp\/v2\/types\/page"}],"author":[{"embeddable":true,"href":"https:\/\/global-ecommerce-services.com\/wiki\/wp-json\/wp\/v2\/users\/2"}],"replies":[{"embeddable":true,"href":"https:\/\/global-ecommerce-services.com\/wiki\/wp-json\/wp\/v2\/comments?post=263"}],"version-history":[{"count":12,"href":"https:\/\/global-ecommerce-services.com\/wiki\/wp-json\/wp\/v2\/pages\/263\/revisions"}],"predecessor-version":[{"id":1229,"href":"https:\/\/global-ecommerce-services.com\/wiki\/wp-json\/wp\/v2\/pages\/263\/revisions\/1229"}],"wp:attachment":[{"href":"https:\/\/global-ecommerce-services.com\/wiki\/wp-json\/wp\/v2\/media?parent=263"}],"wp:term":[{"taxonomy":"category","embeddable":true,"href":"https:\/\/global-ecommerce-services.com\/wiki\/wp-json\/wp\/v2\/categories?post=263"},{"taxonomy":"post_tag","embeddable":true,"href":"https:\/\/global-ecommerce-services.com\/wiki\/wp-json\/wp\/v2\/tags?post=263"}],"curies":[{"name":"wp","href":"https:\/\/api.w.org\/{rel}","templated":true}]}}